{"id":10291,"date":"2024-01-10T15:42:46","date_gmt":"2024-01-10T14:42:46","guid":{"rendered":"https:\/\/www.spinnakervacanze.com\/?page_id=10291"},"modified":"2024-12-09T15:48:24","modified_gmt":"2024-12-09T14:48:24","slug":"spiagge","status":"publish","type":"page","link":"https:\/\/www.spinnakervacanze.com\/index.php\/spiagge\/","title":{"rendered":"Spiagge"},"content":{"rendered":"\t\t<div data-elementor-type=\"wp-page\" data-elementor-id=\"10291\" class=\"elementor elementor-10291\">\n\t\t\t\t<div class=\"elementor-element elementor-element-2c6e527 e-flex e-con-boxed e-con e-parent\" data-id=\"2c6e527\" data-element_type=\"container\" data-e-type=\"container\">\n\t\t\t\t\t<div class=\"e-con-inner\">\n\t\t\t\t<div class=\"elementor-element elementor-element-80118ba elementor-widget elementor-widget-html\" data-id=\"80118ba\" data-element_type=\"widget\" data-e-type=\"widget\" data-widget_type=\"html.default\">\n\t\t\t\t\t<style>\n\n\nbody {\n     \n     background: linear-gradient(rgba(255, 255, 255, 1), rgba(255, 255, 255, 0.9)), \n url('https:\/\/www.spinnakervacanze.com\/wp-content\/uploads\/2024\/11\/sfondo-1.png') no-repeat center center fixed;\n            background-size: cover; \/* Copre l'intera pagina *\/\n        }\n\n        \/* Contenuto principale *\/\n        .content {\n            max-width: 1200px;\n            margin: 0 auto;\n            padding: 20px;\n            background-color: rgba(255, 255, 255, 0.9); \/* Sfondo bianco semi-trasparente *\/\n            border-radius: 10px;\n            box-shadow: 0 4px 20px rgba(0, 0, 0, 0.1);\n            position: relative;\n        }\n\n\n\n   .qodef-m-title.entry-title {\n    position: absolute; \/* Posizionamento assoluto rispetto al contenitore *\/\n    top: 0; \/* Posiziona l'elemento al bordo superiore del contenitore *\/\n    left: 50%; \/* Centra orizzontalmente l'elemento *\/\n    transform: translateX(-50%); \/* Corregge la centratura orizzontale *\/\n    font-size: 100px; \/* Dimensione del testo *\/\n    color: #white; \/* Colore del testo *\/\n    text-align: center; \/* Allineamento del testo *\/\n    \/* Aggiungi altre propriet\u00e0 secondo necessit\u00e0 *\/\n    text-shadow: 1px 1px 2px rgba(0,0,0,0.8); \/* Aggiunge un'ombra al testo *\/\n    white-space: nowrap; \/* Impedisce l'andare a capo *\/\n    \n}\n\n\n@media screen and (max-width: 768px) {\n    .qodef-m-title.entry-title {\n        font-size: 32px; \/* Riduce la dimensione del testo *\/\n        padding: 8px; \/* Riduce il padding interno *\/\n        top: 10px; \/* Sposta leggermente verso il basso *\/\n            text-shadow: 1px 1px 2px rgba(0,0,0,0.8); \/* Aggiunge un'ombra al testo *\/\n\n    }\n}\n\n@media screen and (max-width: 480px) {\n    .qodef-m-title.entry-title {\n        font-size: 30px; \/* Ulteriore riduzione della dimensione del testo *\/\n        padding: 6px; \/* Ulteriore riduzione del padding interno *\/\n        top: 5px; \/* Ulteriore spostamento verso il basso *\/\n            text-shadow: 1px 1px 2px rgba(0,0,0,0.8); \/* Aggiunge un'ombra al testo *\/\n\n    }\n}\n\n\n<\/style>\t\t\t\t<\/div>\n\t\t\t\t\t<\/div>\n\t\t\t\t<\/div>\n\t\t\t\t<section class=\"elementor-section elementor-top-section elementor-element elementor-element-4caa47f elementor-section-boxed elementor-section-height-default elementor-section-height-default qodef-elementor-content-no\" data-id=\"4caa47f\" data-element_type=\"section\" data-e-type=\"section\">\n\t\t\t\t\t\t<div class=\"elementor-container elementor-column-gap-default\">\n\t\t\t\t\t<div class=\"elementor-column elementor-col-100 elementor-top-column elementor-element elementor-element-fa402b3\" data-id=\"fa402b3\" data-element_type=\"column\" data-e-type=\"column\">\n\t\t\t<div class=\"elementor-widget-wrap elementor-element-populated\">\n\t\t\t\t\t\t<div class=\"elementor-element elementor-element-1e3f688 elementor-widget elementor-widget-html\" data-id=\"1e3f688\" data-element_type=\"widget\" data-e-type=\"widget\" data-widget_type=\"html.default\">\n\t\t\t\t\t<!DOCTYPE html>\n<html lang=\"it\">\n<head>\n    <meta charset=\"UTF-8\" \/>\n    <title>Spiagge pi\u00f9 Belle vicino a Torregrande<\/title>\n    <link href=\"https:\/\/fonts.googleapis.com\/css2?family=Montserrat:wght@600;700&family=Roboto:wght@400;500&display=swap\" rel=\"stylesheet\">\n    <style>\n        body {\n            font-family: 'Roboto', sans-serif;\n            margin: 0;\n            padding: 0;\n            background-color: #f9f9f9;\n        }\n        .section-container {\n            max-width: 1000px;\n            margin: 40px auto;\n            padding: 20px 30px;\n            background-color: #ffffff;\n            border-radius: 10px;\n            box-shadow: 0 4px 20px rgba(0, 0, 0, 0.1);\n            overflow: hidden;\n        }\n        .section-title {\n            font-family: 'Montserrat', sans-serif;\n            font-size: 2.5em;\n            color: #2C3E50;\n            text-align: center;\n            margin-bottom: 20px;\n            position: relative;\n        }\n        .section-title::after {\n            content: '';\n            display: block;\n            width: 80px;\n            height: 4px;\n            background-color: #1ABC9C;\n            margin: 10px auto 0 auto;\n            border-radius: 2px;\n        }\n        .section-description {\n            font-size: 1.2em;\n            color: #34495E;\n            line-height: 1.8;\n            margin-bottom: 20px;\n            text-align: justify;\n        }\n        \n        .map-item {\n            background-color: #ffffff;\n            border-radius: 10px;\n            box-shadow: 0 4px 10px rgba(0, 0, 0, 0.1);\n            overflow: hidden;\n            position: relative;\n            display: flex;\n            flex-direction: column;\n            margin-bottom: 30px; \/* Spazio tra le mappe *\/\n        }\n        .map-item h3 {\n            font-family: 'Montserrat', sans-serif;\n            font-size: 1.3em;\n            color: #2C3E50;\n            margin: 10px;\n            text-align: center;\n        }\n        .map-item iframe {\n            width: 100%;\n            height: 400px; \/* Altezza aumentata per una mappa pi\u00f9 grande *\/\n            border: 0;\n            flex: 1 0 auto;\n        }\n        @media (max-width: 768px) {\n            .section-description {\n                font-size: 1em;\n            }\n            .map-item iframe {\n                height: 300px; \/* Riduce un po' l'altezza su schermi piccoli *\/\n            }\n        }\n    <\/style>\n<\/head>\n<body>\n\n<div class=\"section-container\">\n    <h2 class=\"section-title\">Le Spiagge pi\u00f9 Belle vicino a Torregrande<\/h2>\n    <p class=\"section-description\">\n        La zona di Torregrande \u00e8 rinomata per la sua splendida costa e le acque cristalline. Qui sotto troverai una mappa con alcune delle spiagge pi\u00f9 belle nelle vicinanze di Torregrande (OR), cos\u00ec potrai pianificare facilmente le tue visite.\n    <\/p>\n    <p class=\"section-description\">\n        Esplora la mappa con la ricerca \"spiagge vicino a Torregrande OR\" per scoprire luoghi ideali dove rilassarti, nuotare e goderti il sole della Sardegna.\n    <\/p>\n\n    <div class=\"map-item\">\n        <h3>Spiagge vicino a Torregrande (OR)<\/h3>\n        <iframe\n          src=\"https:\/\/www.google.com\/maps?q=spiagge+vicino+a+Torregrande+OR&hl=it&output=embed\"\n          loading=\"lazy\">\n        <\/iframe>\n    <\/div>\n\n    <div class=\"map-item\">\n        <h3>Spiagge vicino a Oristano (OR)<\/h3>\n        <iframe\n          src=\"https:\/\/www.google.com\/maps?q=spiagge+vicino+a+Oristano+OR&hl=it&output=embed\"\n          loading=\"lazy\">\n        <\/iframe>\n    <\/div>\n\n    <div class=\"map-item\">\n        <h3>Spiagge vicino a Cabras (OR)<\/h3>\n        <iframe\n          src=\"https:\/\/www.google.com\/maps?q=spiagge+vicino+a+Cabras+OR&hl=it&output=embed\"\n          loading=\"lazy\">\n        <\/iframe>\n    <\/div>\n<\/div>\n\n<\/body>\n<\/html>\n\t\t\t\t<\/div>\n\t\t\t\t\t<\/div>\n\t\t<\/div>\n\t\t\t\t\t<\/div>\n\t\t<\/section>\n\t\t\t\t<\/div>\n\t\t","protected":false},"excerpt":{"rendered":"<p>Spiagge pi\u00f9 Belle vicino a Torregrande Le Spiagge pi\u00f9 Belle vicino a Torregrande La zona di Torregrande \u00e8 rinomata per la sua splendida costa e le acque cristalline. Qui sotto [&hellip;]<\/p>\n","protected":false},"author":1,"featured_media":0,"parent":0,"menu_order":0,"comment_status":"closed","ping_status":"closed","template":"","meta":{"_eb_attr":"","ngg_post_thumbnail":0,"footnotes":""},"class_list":["post-10291","page","type-page","status-publish","hentry"],"yoast_head":"<!-- This site is optimized with the Yoast SEO Premium plugin v22.5 (Yoast SEO v27.3) - https:\/\/yoast.com\/product\/yoast-seo-premium-wordpress\/ -->\n<title>Spiagge - Spinnaker Camping Village - Sardegna<\/title>\n<meta name=\"robots\" content=\"index, follow, max-snippet:-1, max-image-preview:large, max-video-preview:-1\" \/>\n<link rel=\"canonical\" href=\"https:\/\/www.spinnakervacanze.com\/index.php\/spiagge\/\" \/>\n<meta property=\"og:locale\" content=\"it_IT\" \/>\n<meta property=\"og:type\" content=\"article\" \/>\n<meta property=\"og:title\" content=\"Spiagge\" \/>\n<meta property=\"og:description\" content=\"Spiagge pi\u00f9 Belle vicino a Torregrande Le Spiagge pi\u00f9 Belle vicino a Torregrande La zona di Torregrande \u00e8 rinomata per la sua splendida costa e le acque cristalline. Qui sotto [&hellip;]\" \/>\n<meta property=\"og:url\" content=\"https:\/\/www.spinnakervacanze.com\/index.php\/spiagge\/\" \/>\n<meta property=\"og:site_name\" content=\"Spinnaker Camping Village - Sardegna\" \/>\n<meta property=\"article:publisher\" content=\"https:\/\/www.facebook.com\/SpinnakerCamping\" \/>\n<meta property=\"article:modified_time\" content=\"2024-12-09T14:48:24+00:00\" \/>\n<meta name=\"twitter:card\" content=\"summary_large_image\" \/>\n<meta name=\"twitter:label1\" content=\"Tempo di lettura stimato\" \/>\n\t<meta name=\"twitter:data1\" content=\"1 minuto\" \/>\n<script type=\"application\/ld+json\" class=\"yoast-schema-graph\">{\"@context\":\"https:\\\/\\\/schema.org\",\"@graph\":[{\"@type\":\"WebPage\",\"@id\":\"https:\\\/\\\/www.spinnakervacanze.com\\\/index.php\\\/spiagge\\\/\",\"url\":\"https:\\\/\\\/www.spinnakervacanze.com\\\/index.php\\\/spiagge\\\/\",\"name\":\"Spiagge - Spinnaker Camping Village - Sardegna\",\"isPartOf\":{\"@id\":\"https:\\\/\\\/www.spinnakervacanze.com\\\/#website\"},\"datePublished\":\"2024-01-10T14:42:46+00:00\",\"dateModified\":\"2024-12-09T14:48:24+00:00\",\"breadcrumb\":{\"@id\":\"https:\\\/\\\/www.spinnakervacanze.com\\\/index.php\\\/spiagge\\\/#breadcrumb\"},\"inLanguage\":\"it-IT\",\"potentialAction\":[{\"@type\":\"ReadAction\",\"target\":[\"https:\\\/\\\/www.spinnakervacanze.com\\\/index.php\\\/spiagge\\\/\"]}]},{\"@type\":\"BreadcrumbList\",\"@id\":\"https:\\\/\\\/www.spinnakervacanze.com\\\/index.php\\\/spiagge\\\/#breadcrumb\",\"itemListElement\":[{\"@type\":\"ListItem\",\"position\":1,\"name\":\"Home\",\"item\":\"https:\\\/\\\/www.spinnakervacanze.com\\\/\"},{\"@type\":\"ListItem\",\"position\":2,\"name\":\"Spiagge\"}]},{\"@type\":\"WebSite\",\"@id\":\"https:\\\/\\\/www.spinnakervacanze.com\\\/#website\",\"url\":\"https:\\\/\\\/www.spinnakervacanze.com\\\/\",\"name\":\"Spinnaker Camping Village - Sardegna\",\"description\":\"\",\"publisher\":{\"@id\":\"https:\\\/\\\/www.spinnakervacanze.com\\\/#organization\"},\"potentialAction\":[{\"@type\":\"SearchAction\",\"target\":{\"@type\":\"EntryPoint\",\"urlTemplate\":\"https:\\\/\\\/www.spinnakervacanze.com\\\/?s={search_term_string}\"},\"query-input\":{\"@type\":\"PropertyValueSpecification\",\"valueRequired\":true,\"valueName\":\"search_term_string\"}}],\"inLanguage\":\"it-IT\"},{\"@type\":\"Organization\",\"@id\":\"https:\\\/\\\/www.spinnakervacanze.com\\\/#organization\",\"name\":\"Spinnaker Village Camping\",\"url\":\"https:\\\/\\\/www.spinnakervacanze.com\\\/\",\"logo\":{\"@type\":\"ImageObject\",\"inLanguage\":\"it-IT\",\"@id\":\"https:\\\/\\\/www.spinnakervacanze.com\\\/#\\\/schema\\\/logo\\\/image\\\/\",\"url\":\"https:\\\/\\\/www.spinnakervacanze.com\\\/wp-content\\\/uploads\\\/2023\\\/12\\\/cropped-Progetto-senza-titolo.png\",\"contentUrl\":\"https:\\\/\\\/www.spinnakervacanze.com\\\/wp-content\\\/uploads\\\/2023\\\/12\\\/cropped-Progetto-senza-titolo.png\",\"width\":625,\"height\":508,\"caption\":\"Spinnaker Village Camping\"},\"image\":{\"@id\":\"https:\\\/\\\/www.spinnakervacanze.com\\\/#\\\/schema\\\/logo\\\/image\\\/\"},\"sameAs\":[\"https:\\\/\\\/www.facebook.com\\\/SpinnakerCamping\"]}]}<\/script>\n<!-- \/ Yoast SEO Premium plugin. -->","yoast_head_json":{"title":"Spiagge - Spinnaker Camping Village - Sardegna","robots":{"index":"index","follow":"follow","max-snippet":"max-snippet:-1","max-image-preview":"max-image-preview:large","max-video-preview":"max-video-preview:-1"},"canonical":"https:\/\/www.spinnakervacanze.com\/index.php\/spiagge\/","og_locale":"it_IT","og_type":"article","og_title":"Spiagge","og_description":"Spiagge pi\u00f9 Belle vicino a Torregrande Le Spiagge pi\u00f9 Belle vicino a Torregrande La zona di Torregrande \u00e8 rinomata per la sua splendida costa e le acque cristalline. Qui sotto [&hellip;]","og_url":"https:\/\/www.spinnakervacanze.com\/index.php\/spiagge\/","og_site_name":"Spinnaker Camping Village - Sardegna","article_publisher":"https:\/\/www.facebook.com\/SpinnakerCamping","article_modified_time":"2024-12-09T14:48:24+00:00","twitter_card":"summary_large_image","twitter_misc":{"Tempo di lettura stimato":"1 minuto"},"schema":{"@context":"https:\/\/schema.org","@graph":[{"@type":"WebPage","@id":"https:\/\/www.spinnakervacanze.com\/index.php\/spiagge\/","url":"https:\/\/www.spinnakervacanze.com\/index.php\/spiagge\/","name":"Spiagge - Spinnaker Camping Village - Sardegna","isPartOf":{"@id":"https:\/\/www.spinnakervacanze.com\/#website"},"datePublished":"2024-01-10T14:42:46+00:00","dateModified":"2024-12-09T14:48:24+00:00","breadcrumb":{"@id":"https:\/\/www.spinnakervacanze.com\/index.php\/spiagge\/#breadcrumb"},"inLanguage":"it-IT","potentialAction":[{"@type":"ReadAction","target":["https:\/\/www.spinnakervacanze.com\/index.php\/spiagge\/"]}]},{"@type":"BreadcrumbList","@id":"https:\/\/www.spinnakervacanze.com\/index.php\/spiagge\/#breadcrumb","itemListElement":[{"@type":"ListItem","position":1,"name":"Home","item":"https:\/\/www.spinnakervacanze.com\/"},{"@type":"ListItem","position":2,"name":"Spiagge"}]},{"@type":"WebSite","@id":"https:\/\/www.spinnakervacanze.com\/#website","url":"https:\/\/www.spinnakervacanze.com\/","name":"Spinnaker Camping Village - Sardegna","description":"","publisher":{"@id":"https:\/\/www.spinnakervacanze.com\/#organization"},"potentialAction":[{"@type":"SearchAction","target":{"@type":"EntryPoint","urlTemplate":"https:\/\/www.spinnakervacanze.com\/?s={search_term_string}"},"query-input":{"@type":"PropertyValueSpecification","valueRequired":true,"valueName":"search_term_string"}}],"inLanguage":"it-IT"},{"@type":"Organization","@id":"https:\/\/www.spinnakervacanze.com\/#organization","name":"Spinnaker Village Camping","url":"https:\/\/www.spinnakervacanze.com\/","logo":{"@type":"ImageObject","inLanguage":"it-IT","@id":"https:\/\/www.spinnakervacanze.com\/#\/schema\/logo\/image\/","url":"https:\/\/www.spinnakervacanze.com\/wp-content\/uploads\/2023\/12\/cropped-Progetto-senza-titolo.png","contentUrl":"https:\/\/www.spinnakervacanze.com\/wp-content\/uploads\/2023\/12\/cropped-Progetto-senza-titolo.png","width":625,"height":508,"caption":"Spinnaker Village Camping"},"image":{"@id":"https:\/\/www.spinnakervacanze.com\/#\/schema\/logo\/image\/"},"sameAs":["https:\/\/www.facebook.com\/SpinnakerCamping"]}]}},"_links":{"self":[{"href":"https:\/\/www.spinnakervacanze.com\/index.php\/wp-json\/wp\/v2\/pages\/10291","targetHints":{"allow":["GET"]}}],"collection":[{"href":"https:\/\/www.spinnakervacanze.com\/index.php\/wp-json\/wp\/v2\/pages"}],"about":[{"href":"https:\/\/www.spinnakervacanze.com\/index.php\/wp-json\/wp\/v2\/types\/page"}],"author":[{"embeddable":true,"href":"https:\/\/www.spinnakervacanze.com\/index.php\/wp-json\/wp\/v2\/users\/1"}],"replies":[{"embeddable":true,"href":"https:\/\/www.spinnakervacanze.com\/index.php\/wp-json\/wp\/v2\/comments?post=10291"}],"version-history":[{"count":25,"href":"https:\/\/www.spinnakervacanze.com\/index.php\/wp-json\/wp\/v2\/pages\/10291\/revisions"}],"predecessor-version":[{"id":16340,"href":"https:\/\/www.spinnakervacanze.com\/index.php\/wp-json\/wp\/v2\/pages\/10291\/revisions\/16340"}],"wp:attachment":[{"href":"https:\/\/www.spinnakervacanze.com\/index.php\/wp-json\/wp\/v2\/media?parent=10291"}],"curies":[{"name":"wp","href":"https:\/\/api.w.org\/{rel}","templated":true}]}}